{"id":927,"date":"2021-04-20T09:50:09","date_gmt":"2021-04-20T09:50:09","guid":{"rendered":"https:\/\/www.petervilfan.com\/?page_id=927"},"modified":"2025-12-12T09:33:56","modified_gmt":"2025-12-12T09:33:56","slug":"prijava","status":"publish","type":"page","link":"https:\/\/www.petervilfan.com\/?page_id=927","title":{"rendered":"Spletna prijava na poletni ko\u0161arkarski tabor 2026"},"content":{"rendered":"\n<p><strong>Ob prijavi na poletni ko\u0161arkarski tabor dajemo \u0160D K\u0160 \u00bbPeter Vilfan\u00ab dovoljenje za uporabo in objavo fotografij in video posnetkov za promocijo K\u0160. Osebni podatki, navedeni v prijavnici, se bodo uporabljali samo za interno uporabo in za stik s star\u0161i.<\/strong><\/p>\n\n\n\n<div class=\"wpcf7 no-js\" id=\"wpcf7-f3842-o1\" lang=\"sl-SI\" dir=\"ltr\" data-wpcf7-id=\"3842\">\n<div class=\"screen-reader-response\"><p role=\"status\" aria-live=\"polite\" aria-atomic=\"true\"><\/p> <ul><\/ul><\/div>\n<form action=\"\/index.php?rest_route=%2Fwp%2Fv2%2Fpages%2F927#wpcf7-f3842-o1\" method=\"post\" class=\"wpcf7-form init\" aria-label=\"Contact form\" enctype=\"multipart\/form-data\" novalidate=\"novalidate\" data-status=\"init\">\n<fieldset class=\"hidden-fields-container\"><input type=\"hidden\" name=\"_wpcf7\" value=\"3842\" \/><input type=\"hidden\" name=\"_wpcf7_version\" value=\"6.1.4\" \/><input type=\"hidden\" name=\"_wpcf7_locale\" value=\"sl_SI\" \/><input type=\"hidden\" name=\"_wpcf7_unit_tag\" value=\"wpcf7-f3842-o1\" \/><input type=\"hidden\" name=\"_wpcf7_container_post\" value=\"0\" \/><input type=\"hidden\" name=\"_wpcf7_posted_data_hash\" value=\"\" \/>\n<\/fieldset>\n<p><label> Ime in priimek (obvezno)<br \/>\n<span class=\"wpcf7-form-control-wrap\" data-name=\"ime\"><input size=\"40\" maxlength=\"400\" class=\"wpcf7-form-control wpcf7-text wpcf7-validates-as-required\" aria-required=\"true\" aria-invalid=\"false\" value=\"\" type=\"text\" name=\"ime\" \/><\/span> <\/label>\n<\/p>\n<p><label> Datum rojstva (obvezno)<br \/>\n<span class=\"wpcf7-form-control-wrap\" data-name=\"datum-rojstva\"><input size=\"40\" maxlength=\"400\" class=\"wpcf7-form-control wpcf7-text wpcf7-validates-as-required\" aria-required=\"true\" aria-invalid=\"false\" value=\"\" type=\"text\" name=\"datum-rojstva\" \/><\/span> <\/label>\n<\/p>\n<p><label> Naslov (obvezno)<br \/>\n<span class=\"wpcf7-form-control-wrap\" data-name=\"naslov\"><input size=\"40\" maxlength=\"400\" class=\"wpcf7-form-control wpcf7-text wpcf7-validates-as-required\" aria-required=\"true\" aria-invalid=\"false\" value=\"\" type=\"text\" name=\"naslov\" \/><\/span> <\/label>\n<\/p>\n<p><label> Mesto (obvezno)<br \/>\n<span class=\"wpcf7-form-control-wrap\" data-name=\"mesto\"><input size=\"40\" maxlength=\"400\" class=\"wpcf7-form-control wpcf7-text wpcf7-validates-as-required\" aria-required=\"true\" aria-invalid=\"false\" value=\"\" type=\"text\" name=\"mesto\" \/><\/span> <\/label>\n<\/p>\n<p><label> Telefon (obvezno)<br \/>\n<span class=\"wpcf7-form-control-wrap\" data-name=\"telefon\"><input size=\"40\" maxlength=\"400\" class=\"wpcf7-form-control wpcf7-text wpcf7-validates-as-required\" aria-required=\"true\" aria-invalid=\"false\" value=\"\" type=\"text\" name=\"telefon\" \/><\/span> <\/label>\n<\/p>\n<p><label> E-po\u0161ta (obvezno)<br \/>\n<span class=\"wpcf7-form-control-wrap\" data-name=\"eposta\"><input size=\"40\" maxlength=\"400\" class=\"wpcf7-form-control wpcf7-email wpcf7-validates-as-required wpcf7-text wpcf7-validates-as-email\" aria-required=\"true\" aria-invalid=\"false\" value=\"\" type=\"email\" name=\"eposta\" \/><\/span> <\/label>\n<\/p>\n<p>Se s ko\u0161arko \u017ee redno ukvarja\u0161? (obvezno)<br \/>\n<span class=\"wpcf7-form-control-wrap\" data-name=\"redno\"><span class=\"wpcf7-form-control wpcf7-radio\"><span class=\"wpcf7-list-item first\"><label><input type=\"radio\" name=\"redno\" value=\"Da\" checked=\"checked\" \/><span class=\"wpcf7-list-item-label\">Da<\/span><\/label><\/span><span class=\"wpcf7-list-item last\"><label><input type=\"radio\" name=\"redno\" value=\"Ne\" \/><span class=\"wpcf7-list-item-label\">Ne<\/span><\/label><\/span><\/span><\/span>\n<\/p>\n<p><label> Kako dolgo?<br \/>\n<span class=\"wpcf7-form-control-wrap\" data-name=\"kako-dolgo\"><input size=\"40\" maxlength=\"400\" class=\"wpcf7-form-control wpcf7-text\" aria-invalid=\"false\" value=\"\" type=\"text\" name=\"kako-dolgo\" \/><\/span> <\/label>\n<\/p>\n<p><label> Klub oz. \u0161ola kjer vadi\u0161<br \/>\n<span class=\"wpcf7-form-control-wrap\" data-name=\"klub\"><input size=\"40\" maxlength=\"400\" class=\"wpcf7-form-control wpcf7-text\" aria-invalid=\"false\" value=\"\" type=\"text\" name=\"klub\" \/><\/span> <\/label>\n<\/p>\n<p>Obkro\u017ei izmeno, v katero se prijavlja\u0161 (obvezno)<br \/>\n<span class=\"wpcf7-form-control-wrap\" data-name=\"izmena\"><span class=\"wpcf7-form-control wpcf7-radio\"><span class=\"wpcf7-list-item first\"><label><input type=\"radio\" name=\"izmena\" value=\"2. izmena: 12.7. do 18.7.\" checked=\"checked\" \/><span class=\"wpcf7-list-item-label\">2. izmena: 12.7. do 18.7.<\/span><\/label><\/span><span class=\"wpcf7-list-item\"><label><input type=\"radio\" name=\"izmena\" value=\"3. izmena: 19.7. do 25.7.\" \/><span class=\"wpcf7-list-item-label\">3. izmena: 19.7. do 25.7.<\/span><\/label><\/span><span class=\"wpcf7-list-item last\"><label><input type=\"radio\" name=\"izmena\" value=\"4. izmena: 26.7. do 1.8.\" \/><span class=\"wpcf7-list-item-label\">4. izmena: 26.7. do 1.8.<\/span><\/label><\/span><\/span><\/span>\n<\/p>\n<p>Izberi ugodnost:<br \/>\n<span class=\"wpcf7-form-control-wrap\" data-name=\"ugodnost\"><span class=\"wpcf7-form-control wpcf7-radio\"><span class=\"wpcf7-list-item first\"><input type=\"radio\" name=\"ugodnost\" value=\"Brez popusta\" checked=\"checked\" \/><span class=\"wpcf7-list-item-label\">Brez popusta<\/span><\/span><span class=\"wpcf7-list-item\"><input type=\"radio\" name=\"ugodnost\" value=\"Dru\u017einski popust(-30\u20ac)\" \/><span class=\"wpcf7-list-item-label\">Dru\u017einski popust(-30\u20ac)<\/span><\/span><span class=\"wpcf7-list-item last\"><input type=\"radio\" name=\"ugodnost\" value=\"Obro\u010dno odpla\u010devanje\" \/><span class=\"wpcf7-list-item-label\">Obro\u010dno odpla\u010devanje<\/span><\/span><\/span><\/span>\n<\/p>\n<p>Pripnite potrdilo o pla\u010dilu?<br \/>\n<span class=\"wpcf7-form-control-wrap\" data-name=\"potrdilo\"><input size=\"40\" class=\"wpcf7-form-control wpcf7-file\" accept=\".jpg,.jpeg,.png,.gif,.pdf,.doc,.docx\" aria-invalid=\"false\" type=\"file\" name=\"potrdilo\" \/><\/span>\n<\/p>\n<p>[recaptcha]\n<\/p>\n<p><input class=\"wpcf7-form-control wpcf7-submit has-spinner\" type=\"submit\" value=\"Po\u0161lji obrazec\" \/>\n<\/p><div class=\"wpcf7-response-output\" aria-hidden=\"true\"><\/div>\n<\/form>\n<\/div>\n\n\n\n\n<p><\/p>\n","protected":false},"excerpt":{"rendered":"<p>Ob prijavi na poletni ko\u0161arkarski tabor dajemo \u0160D K\u0160 \u00bbPeter Vilfan\u00ab dovoljenje za uporabo in objavo fotografij in video posnetkov za promocijo K\u0160. Osebni podatki, navedeni v prijavnici, se bodo uporabljali samo za interno uporabo in za stik s star\u0161i.<\/p>\n","protected":false},"author":1,"featured_media":0,"parent":0,"menu_order":0,"comment_status":"closed","ping_status":"closed","template":"","meta":{"_themeisle_gutenberg_block_has_review":false,"footnotes":""},"class_list":["post-927","page","type-page","status-publish","hentry"],"_links":{"self":[{"href":"https:\/\/www.petervilfan.com\/index.php?rest_route=\/wp\/v2\/pages\/927","targetHints":{"allow":["GET"]}}],"collection":[{"href":"https:\/\/www.petervilfan.com\/index.php?rest_route=\/wp\/v2\/pages"}],"about":[{"href":"https:\/\/www.petervilfan.com\/index.php?rest_route=\/wp\/v2\/types\/page"}],"author":[{"embeddable":true,"href":"https:\/\/www.petervilfan.com\/index.php?rest_route=\/wp\/v2\/users\/1"}],"replies":[{"embeddable":true,"href":"https:\/\/www.petervilfan.com\/index.php?rest_route=%2Fwp%2Fv2%2Fcomments&post=927"}],"version-history":[{"count":13,"href":"https:\/\/www.petervilfan.com\/index.php?rest_route=\/wp\/v2\/pages\/927\/revisions"}],"predecessor-version":[{"id":3847,"href":"https:\/\/www.petervilfan.com\/index.php?rest_route=\/wp\/v2\/pages\/927\/revisions\/3847"}],"wp:attachment":[{"href":"https:\/\/www.petervilfan.com\/index.php?rest_route=%2Fwp%2Fv2%2Fmedia&parent=927"}],"curies":[{"name":"wp","href":"https:\/\/api.w.org\/{rel}","templated":true}]}}