{"id":3849,"date":"2025-12-12T09:40:22","date_gmt":"2025-12-12T09:40:22","guid":{"rendered":"https:\/\/www.petervilfan.com\/?page_id=3849"},"modified":"2025-12-12T09:40:22","modified_gmt":"2025-12-12T09:40:22","slug":"poletni-tabor-2026","status":"publish","type":"page","link":"https:\/\/www.petervilfan.com\/?page_id=3849","title":{"rendered":"Poletni tabor 2026"},"content":{"rendered":"<div style=\"float: left; padding-right: 10px;\"><img loading=\"lazy\" decoding=\"async\" class=\"alignnone size-medium wp-image-216\" src=\"http:\/\/www.petervilfan.com\/wp-content\/uploads\/2017\/01\/Lipko-in-Peter-Vilfan-Ales-Fevzer-mala-300x200.jpg\" alt=\"\" width=\"300\" height=\"200\" \/><\/div>\n<p>\u0160portno dru\u0161tvo ko\u0161arkarska \u0161ola &#8220;Peter Vilfan&#8221; letos organizira \u017ee 33. poletni ko\u0161arkarski tabor v Strunjanu na slovenski obali. Vsa ta leta k nam prihajate mladi ko\u0161arkarji in ko\u0161arkarice, \u017eeljni ko\u0161arkarskega znanja in pre\u017eivljanja \u0161portno obarvanih po\u010ditnic. Mnogi ste bili pri nas \u017ee ve\u010dkrat, nekateri ste \u017ee pravi staroselci, mnogi pa boste, vsaj upam tako, letos pri\u0161li prvi\u010d.<\/p>\n<p>V vseh teh letih so bili pri nas otroci iz Hrva\u0161ke, Jugoslavije, Italije, Rusije, Ukrajine, Danske, Latvije, Nem\u010dije, predvsem pa \u0161tevilni udele\u017eenci iz prakti\u010dno vseh mest, krajev in zaselkov \u0161irom Slovenije. \u0160tevilo udele\u017eencev je \u017ee krepko preseglo \u0161tevilko 9000, kar je, ne samo za slovenske razmere, velik dose\u017eek.<\/p>\n<p>V na\u0161em taboru so vadili tudi tak\u0161ni ko\u0161arkarji, kot so slovenski reprezentanti Luka Don\u010di\u010d, Sani Be\u010dirovi\u010d, Beno Udrih in Bo\u0161tjan Nachbar ter \u0161tevilni drugi, danes uveljavljeni ko\u0161arkarji in ko\u0161arkarice od katerih so mnogi stalni reprezentanti in \u010dlani vrhunskih ko\u0161arkarskih klubov.<\/p>\n<p>Seveda pa so v na\u0161em taboru vadili tudi \u0161tevilni, povsem anonimni mladi ko\u0161arkarji in ko\u0161arkarice, ki se nikoli niso podali na pot vrhunskega \u0161porta, so pa pri nas spoznali osnove te prelepe igre in za vse \u017eivljenje ostali njeni obo\u017eevalci in privr\u017eenci.<\/p>\n<p>Vsi na\u0161teti podatki in dejstva me pred leto\u0161njim, \u017ee dvaintridesetim taborom, navdajajo z izjemnim zadovoljstvom in nestrpnim pri\u010dakovanjem na\u0161ega ponovnega dru\u017eenja. Spet bo z vami ista ekipa, ki je za va\u0161e dobro po\u010dutje skrbela v zadnjih letih in ki je zagotovo tudi razlog, da se tako radi vra\u010date v na\u0161 in va\u0161 Strunjan. Za strokovno delo bo skrbel glavni trener na\u0161e ko\u0161arkarske \u0161ole Ale\u0161 Fabjan, pomagali pa mu bodo \u0161tevilni preverjeni in v na\u0161em taboru preizku\u0161eni trenerji in vaditelji, sam pa bom seveda tako kot vsa leta do sedaj, nadziral, usmerjal in sodeloval pri vseh dejavnostih na\u0161ega tabora. Prisoten bom ves \u010das trajanja tabora, skupaj bomo na igri\u0161\u010dih, na pla\u017ei, na izletu, v trenutku sprostitve, skratka 24 ur na dan.<\/p>\n<p>Vabim vas torej moji mali prijatelji in prijateljice, da se mi ponovno pridru\u017eite, da pre\u017eivite \u0161est \u010dudovitih, predvsem ko\u0161arkarsko obarvanih dni, pri tem pa ne bo manjkalo tudi zabave, kopanja v morju, prijetnega dru\u017eenja in vsega tistega, kar nas dela zadovoljne in sre\u010dne.<br \/>\n<span class=\"t12_g\"><strong><br \/>\nKOMU JE TABOR NAMENJEN?<\/strong><br \/>\nAktivnosti v taboru so namenjene dekletom in fantom, starim od 7 do 15 let (prva izmena do 18 let). Vabljeni ste tako tisti, ki boste v na\u0161em ko\u0161arkarskem taboru prvi\u010d pri\u0161li v stik s ko\u0161arkarsko \u017eogo kot tudi tisti, ki ste &#8220;\u017ee izku\u0161eni&#8221; ko\u0161arkarji in \u017ee trenirate v svojih \u0161olah in klubih.<\/span><\/p>\n<p><strong>POTEK VADBE IN DRUGIH AKTIVNOSTI<\/strong><br \/>\nUdele\u017eenci tabora bodo razporejeni v skupine glede na starost in predhodno ko\u0161arkarsko znanje. Temu primerno bo prilagojen tudi program dela, tako da bo prav vsak udele\u017eenec zanesljivo veliko pridobil v ko\u0161arkarskem znanju. Vadba ko\u0161arke bo potekala dopoldan in popoldan, ob ve\u010derih pa bomo na razsvetljenih zunanjih igri\u0161\u010dih prirejali razna ko\u0161arkarska tekmovanja in seveda igrali tekme. Ob vseh teh ko\u0161arkarskih aktivnostih bo dovolj \u010dasa za odhod na pla\u017eo in kopanje v morju, za skupinski izlet in seveda sve\u010dan zaklju\u010dek s podelitvijo priznanj in nagrad.<\/p>\n<p><strong>KAKO JE UREJENA ZDRAVNI\u0160KA OSKRBA?<\/strong><br \/>\nMedicinska oskrba je skozi vse izmene urejena v zdravili\u0161\u010du Krka, ki je le nekaj korakov oddaljeno od prostora, kjer bomo pre\u017eivljali zanimive, ko\u0161arkarsko aktivne po\u010ditnice.<\/p>\n<p><strong>MESTO IZVEDBE TABORA<\/strong><br \/>\nPoletni ko\u0161arkarski tabor Ko\u0161arkarske \u0161ole &#8220;Peter Vilfan&#8221; bo v Strunjanu na slovenski obali. Nastanitvene in vadbene kapacitete so v sklopu centra za usposabljanje Elvira Vatovec. Center se nahaja na manj\u0161i vzpetini v neposredni bli\u017eini obmorskega zdravili\u0161\u010da Krka. Ko\u0161arko bomo igrali in prebivali v enem najlep\u0161ih predelov slovenske obale, ki ga krasi bujno sredozemsko zelenje. Odmaknjenost od prometnih poti in pretiranega prometnega vrve\u017ea nam bo omogo\u010dala potreben mir za delo in vadbo, bli\u017eina morja, ki je v obeh smereh od centra oddaljeno le kak\u0161nih 500 metrov, pa mo\u017enost prijetnega kopanja in stika s po\u010ditni\u0161kim \u017eiv\u017eavom.<\/p>\n<p><strong>V SKLOPU CENTRA, PRAVI OAZI SLOVENSKE OBALE, NAM JE NA VOLJO:<\/strong><\/p>\n<ul>\n<li>\u0161portna dvorana (24 ur vse dni izmene)<\/li>\n<li>tri zunanja igri\u0161\u010da z razsvetljavo (tudi igri\u0161\u010de za mini ko\u0161arko)<\/li>\n<li>\u0161olsko poslopje z vsemi spremljajo\u010dimi prostori<\/li>\n<li>kuhinja z jedilnico<\/li>\n<li>zunanje travnate povr\u0161ine z otro\u0161kim igri\u0161\u010dem<\/li>\n<\/ul>\n<p>1. izmena 5.7. do 11. 7.,<\/p>\n<p>2. izmena 12.7. do 18.7.,<\/p>\n<p>3. izmena 19.7. do 25.7.,<\/p>\n<p>4. izmena 26.7. do 1.8..<\/p>\n<p><span class=\"t12_g\"><strong>Cena poletnega ko\u0161arkarskega tabora je 500\u20ac<\/strong><\/span><\/p>\n<p><strong>ZA TO CENO VAM PONUJAMO:<\/strong><\/p>\n<ul>\n<li>Vadbo ko\u0161arke dvakrat na dan, ve\u010derna tekmovanja in tekme na razsvetljenih zunanjih igri\u0161\u010dih ali po potrebi v dvorani,<\/li>\n<li>6 polnih penzionov z dopoldansko, popoldansko in ve\u010derno malico<\/li>\n<li>osve\u017eilno pija\u010do ob igri\u0161\u010du v \u010dasu vadbe,<\/li>\n<li>vstop na urejeno in zavarovano pla\u017eo zdravili\u0161\u010da Krka,<\/li>\n<li>zavarovanje in turisti\u010dno takso,<\/li>\n<li>sve\u010dan zaklju\u010dek s podelitvijo priznanj in nagrad.<\/li>\n<\/ul>\n<ul>\n<li><strong>KAJ PA VE\u010cERNA MALICA?<\/strong><br \/>\nTudi letos seveda vsem udele\u017eencem ponujamo dodatno brezpla\u010dno malico po koncu ve\u010dernih aktivnosti!<\/li>\n<\/ul>\n<p><strong>POGOJI PLA\u010cILA<\/strong> <strong>PRI OBRO\u010cNEM ODPLA\u010cEVANJU<\/strong><\/p>\n<p>1. obrok &#8211; ob prijavi (v vrednosti 200 eur) se pla\u010da na Poslovni ra\u010dun \u0160D K\u0160 &#8220;Peter Vilfan&#8221; pri Novi Ljubljanski Banki d.d. \u0161tevilka:<\/p>\n<p><strong>SI56 02043 &#8211; 0013435662<\/strong><\/p>\n<p>2. obrok &#8211; <strong>se poravna <\/strong>\u00a0(v vrednosti 300 eur) pred odhodom ali v Strunjanu.<\/p>\n<p><strong>PLA\u010cILO PRVEGA OBROKA JE OBVEZNO PRI PRIJAVI IN POMENI TUDI DOKON\u010cNO REZERVACIJO IZBRANEGA TERMINA<\/strong><\/p>\n<p>Prijave za tabor bomo sprejemali po kronolo\u0161kem vrstnem redu, dokler ne bodo zapolnjena vsa mesta v izmeni.<br \/>\nKopijo pla\u010dila prvega obroka (200 \u20ac) je treba poslati skupaj s prijavnico po po\u0161ti ali mailu.<\/p>\n<p><strong>NA\u0160 NASLOV<\/strong><br \/>\nkamor po\u0161ljete prijavnice in lahko dobite tudi dodatne informacije:<\/p>\n<ul>\n<li>Ale\u0161 Fabjan, 031 877 258<\/li>\n<li><strong>\u0160PORTNO DRU\u0160TVO KO\u0160ARKARSKA \u0160OLA &#8220;PETER VILFAN&#8221;<\/strong><br \/>\nCelov\u0161ka 25, 1000 Ljubljana<br \/>\n<a href=\"&#x6d;&#x61;&#x69;&#x6c;&#116;&#111;&#58;&#107;spe&#x74;&#x65;&#x72;&#x76;&#x69;&#108;&#102;&#97;n&#64;g&#x6d;&#x61;&#x69;&#x6c;&#x2e;&#99;&#111;&#109;\">&#x6b;&#115;p&#x65;&#116;&#101;&#x72;&#x76;&#105;l&#x66;&#97;n&#x40;&#x67;&#109;a&#x69;&#108;&#46;&#x63;&#x6f;&#109;<\/a><br \/>\nod 9. do 12. ure<\/li>\n<\/ul>\n<ul>\n<li><span class=\"t12_g\">v \u010dasu od 20<\/span><span class=\"t12_g\">. junija do 30. julija<br \/>\n<\/span><\/li>\n<li><span class=\"t12_g\"><strong>CENTER ZA USPOSABLJANJE ELVIRA VATOVEC\u00a0<\/strong><br \/>\n<\/span>Strunjan 140, 6320 Portoro\u017e<br \/>\ntel. 031\/877 258<br \/>\nod 19. do 20. ure<\/li>\n<\/ul>\n<p><span class=\"t12_g\">\u00a0<\/span><\/p>\n","protected":false},"excerpt":{"rendered":"<p>\u0160portno dru\u0161tvo ko\u0161arkarska \u0161ola &#8220;Peter Vilfan&#8221; letos organizira \u017ee 33. poletni ko\u0161arkarski tabor v Strunjanu na slovenski obali. Vsa ta leta k nam prihajate mladi ko\u0161arkarji in ko\u0161arkarice, \u017eeljni ko\u0161arkarskega znanja in pre\u017eivljanja \u0161portno obarvanih po\u010ditnic. Mnogi ste bili pri nas \u017ee ve\u010dkrat, nekateri ste \u017ee pravi staroselci, mnogi pa boste, vsaj upam tako, letos [&hellip;]<\/p>\n","protected":false},"author":1,"featured_media":0,"parent":0,"menu_order":0,"comment_status":"closed","ping_status":"closed","template":"","meta":{"_themeisle_gutenberg_block_has_review":false,"footnotes":""},"class_list":["post-3849","page","type-page","status-publish","hentry"],"_links":{"self":[{"href":"https:\/\/www.petervilfan.com\/index.php?rest_route=\/wp\/v2\/pages\/3849","targetHints":{"allow":["GET"]}}],"collection":[{"href":"https:\/\/www.petervilfan.com\/index.php?rest_route=\/wp\/v2\/pages"}],"about":[{"href":"https:\/\/www.petervilfan.com\/index.php?rest_route=\/wp\/v2\/types\/page"}],"author":[{"embeddable":true,"href":"https:\/\/www.petervilfan.com\/index.php?rest_route=\/wp\/v2\/users\/1"}],"replies":[{"embeddable":true,"href":"https:\/\/www.petervilfan.com\/index.php?rest_route=%2Fwp%2Fv2%2Fcomments&post=3849"}],"version-history":[{"count":1,"href":"https:\/\/www.petervilfan.com\/index.php?rest_route=\/wp\/v2\/pages\/3849\/revisions"}],"predecessor-version":[{"id":3853,"href":"https:\/\/www.petervilfan.com\/index.php?rest_route=\/wp\/v2\/pages\/3849\/revisions\/3853"}],"wp:attachment":[{"href":"https:\/\/www.petervilfan.com\/index.php?rest_route=%2Fwp%2Fv2%2Fmedia&parent=3849"}],"curies":[{"name":"wp","href":"https:\/\/api.w.org\/{rel}","templated":true}]}}