{"id":3720,"date":"2025-08-27T08:34:49","date_gmt":"2025-08-27T08:34:49","guid":{"rendered":"https:\/\/www.petervilfan.com\/?page_id=3720"},"modified":"2025-08-28T11:42:10","modified_gmt":"2025-08-28T11:42:10","slug":"vpis-v-kosarkarsko-solo-2025-2026","status":"publish","type":"page","link":"https:\/\/www.petervilfan.com\/?page_id=3720","title":{"rendered":"Vpis v ko\u0161arkarsko \u0161olo 2025\/2026"},"content":{"rendered":"\n<figure class=\"wp-block-image size-full\"><img loading=\"lazy\" decoding=\"async\" width=\"960\" height=\"960\" src=\"https:\/\/www.petervilfan.com\/wp-content\/uploads\/2025\/08\/Vpis-plakat.jpg\" alt=\"\" class=\"wp-image-3743\" srcset=\"https:\/\/www.petervilfan.com\/wp-content\/uploads\/2025\/08\/Vpis-plakat.jpg 960w, https:\/\/www.petervilfan.com\/wp-content\/uploads\/2025\/08\/Vpis-plakat-300x300.jpg 300w, https:\/\/www.petervilfan.com\/wp-content\/uploads\/2025\/08\/Vpis-plakat-150x150.jpg 150w, https:\/\/www.petervilfan.com\/wp-content\/uploads\/2025\/08\/Vpis-plakat-768x768.jpg 768w\" sizes=\"auto, (max-width: 960px) 100vw, 960px\" \/><\/figure>\n\n\n\n<p>Spo\u0161tovani,<\/p>\n\n\n\n<p>obve\u0161\u010damo vas, da bo&nbsp;vpis&nbsp;za sezono 2025\/26&nbsp; potekal v telovadnici S\u0160TS \u0160i\u0161ka, Litostrojska 51 in sicer v :<\/p>\n\n\n\n<p><strong>&#8211; sredo, 3.9.,&nbsp;<\/strong><\/p>\n\n\n\n<p><strong>&#8211; \u010detrtek, 4.9.,<\/strong><\/p>\n\n\n\n<p><strong>&#8211; petek, 5.9.,&nbsp;<\/strong><\/p>\n\n\n\n<p><strong>med 15. in 17. uro!<\/strong><\/p>\n\n\n\n<p>Upamo, da se v \u010dim ve\u010djem \u0161tevilu spet vidimo.<\/p>\n\n\n\n<p>Zaradi la\u017ejega oblikovanja skupin vas prosimo, da se oglasite na vpisu. \u010ce vam ne bo zneslo, se obrnite na Ale\u0161a..<\/p>\n\n\n\n<p>Vse dodatne informacije: Ale\u0161 Fabjan \u2013 vodja \u0161ole in glavni trener, <\/p>\n\n\n\n<p>tel. 031 877 258<\/p>\n\n\n\n<p>E-mail:&nbsp;<a href=\"m&#97;&#105;&#x6c;&#x74;&#x6f;&#x3a;a&#108;&#101;&#115;&#x2e;&#x66;&#x61;bj&#97;&#110;&#x40;&#x79;&#x61;ho&#111;&#46;&#x63;&#x6f;&#x6d;\" target=\"_blank\" rel=\"noreferrer noopener\">&#97;&#x6c;&#x65;s&#46;&#x66;a&#98;&#x6a;&#x61;&#110;&#x40;&#x79;a&#104;&#x6f;o&#46;&#x63;&#x6f;&#109;<\/a>,&nbsp;<a href=\"&#109;&#x61;&#x69;&#108;&#x74;&#x6f;&#58;&#x6b;&#x73;&#112;&#x65;&#x74;&#101;&#x72;&#x76;&#105;&#x6c;&#x66;&#97;&#x6e;&#x40;&#103;&#x6d;&#x61;&#105;&#x6c;&#x2e;c&#x6f;&#x6d;\" target=\"_blank\" rel=\"noreferrer noopener\">k&#115;&#x70;&#x65;t&#101;&#x72;&#x76;i&#108;&#x66;&#x61;n&#64;&#x67;&#x6d;a&#105;&#x6c;&#x2e;c&#111;&#109;<\/a>.<\/p>\n","protected":false},"excerpt":{"rendered":"<p>Spo\u0161tovani, obve\u0161\u010damo vas, da bo&nbsp;vpis&nbsp;za sezono 2025\/26&nbsp; potekal v telovadnici S\u0160TS \u0160i\u0161ka, Litostrojska 51 in sicer v : &#8211; sredo, 3.9.,&nbsp; &#8211; \u010detrtek, 4.9., &#8211; petek, 5.9.,&nbsp; med 15. in 17. uro! Upamo, da se v \u010dim ve\u010djem \u0161tevilu spet vidimo. Zaradi la\u017ejega oblikovanja skupin vas prosimo, da se oglasite na vpisu. \u010ce vam ne [&hellip;]<\/p>\n","protected":false},"author":1,"featured_media":0,"parent":0,"menu_order":0,"comment_status":"closed","ping_status":"closed","template":"","meta":{"_themeisle_gutenberg_block_has_review":false,"footnotes":""},"class_list":["post-3720","page","type-page","status-publish","hentry"],"_links":{"self":[{"href":"https:\/\/www.petervilfan.com\/index.php?rest_route=\/wp\/v2\/pages\/3720","targetHints":{"allow":["GET"]}}],"collection":[{"href":"https:\/\/www.petervilfan.com\/index.php?rest_route=\/wp\/v2\/pages"}],"about":[{"href":"https:\/\/www.petervilfan.com\/index.php?rest_route=\/wp\/v2\/types\/page"}],"author":[{"embeddable":true,"href":"https:\/\/www.petervilfan.com\/index.php?rest_route=\/wp\/v2\/users\/1"}],"replies":[{"embeddable":true,"href":"https:\/\/www.petervilfan.com\/index.php?rest_route=%2Fwp%2Fv2%2Fcomments&post=3720"}],"version-history":[{"count":5,"href":"https:\/\/www.petervilfan.com\/index.php?rest_route=\/wp\/v2\/pages\/3720\/revisions"}],"predecessor-version":[{"id":3744,"href":"https:\/\/www.petervilfan.com\/index.php?rest_route=\/wp\/v2\/pages\/3720\/revisions\/3744"}],"wp:attachment":[{"href":"https:\/\/www.petervilfan.com\/index.php?rest_route=%2Fwp%2Fv2%2Fmedia&parent=3720"}],"curies":[{"name":"wp","href":"https:\/\/api.w.org\/{rel}","templated":true}]}}