{"id":1784,"date":"2023-01-05T10:26:13","date_gmt":"2023-01-05T10:26:13","guid":{"rendered":"https:\/\/www.petervilfan.com\/?page_id=1784"},"modified":"2023-01-05T10:32:30","modified_gmt":"2023-01-05T10:32:30","slug":"k","status":"publish","type":"page","link":"https:\/\/www.petervilfan.com\/?page_id=1784","title":{"rendered":"Kontakt"},"content":{"rendered":"<p><strong>Ale\u0161 Fabjan<\/strong><\/p>\n<p><strong>Tel: 031 877 258; 01 430 20 12<\/strong><br \/>\n<strong> Faks: 01 430 30 12<\/strong><\/p>\n<p><img loading=\"lazy\" decoding=\"async\" class=\"alignnone size-full wp-image-118\" src=\"http:\/\/www.petervilfan.com\/wp-content\/uploads\/2016\/12\/Ales.jpg\" alt=\"\" width=\"150\" height=\"156\"><\/p>\n<p><strong>Informacija:<\/strong><br \/>\nAle\u0161 Fabjan, rojen 1970. v Mariboru, se je s ko\u0161arko sre\u010dal leta 1981 na prvem festivalu mini ko\u0161arke v Slivnici, kjer je nastopal v ekipi iz Ru\u0161. Od takrat je ko\u0161arko redno treniral v ko\u0161arkarskem klubu Ru\u0161e do zaklju\u010dka osnovne \u0161ole, ko je od\u0161el v Ljubljano na splo\u0161no srednjo voja\u0161ko \u0161olo. V tem \u010dasu se zaradi \u0161olskega programa s ko\u0161arko ni redno ukvarjal. Leta 1987 se je vrnil v Maribor in za\u010del igrati v mladinski in \u010dlanski ekipi Maribor 87, ki je takrat nastopala v prvi slovenski ligi. 1988. leta je z ekipo osvojil drugo mesto na mladinskem prvenstvu Slovenije, dosegel \u010detrtfinale prvenstva Jugoslavije v Pan\u010devu in osvojil prvo mesto na pokalu Alpe Adria. Leta 1989 je sledilo tretje mesto na mladinskem prvenstvu Slovenije in prvo mesto na pokalu Alpe Adria. Po slu\u017eenju voja\u0161kega roka je nadaljeval ko\u0161arkarsko pot v doma\u010dih Ru\u0161ah. Po trenerskem izobra\u017eevanju je leta 1992 prevzel mlaj\u0161o selekcijo iz Ru\u0161 in se 1994. sre\u010dal z biv\u0161im trenerjem Tonetom Krumpom in biv\u0161o so\u0161olko Alenko \u0160kreblin, ki sta ga povabila na prvi poletni tabor ko\u0161arkarske \u0161ole \u00bbPeter Vilfan\u00ab. Istega leta je postal Krumpov pomo\u010dnik v ko\u0161arkarskem klubu Maricom Miklav\u017e, s katerim je osvojil pionirski naslov z ekipo fantov letnika 1980. Kot trener je delal na dveh osnovnih \u0161olah v Mariboru pod okriljem ko\u0161arkarske \u0161ole \u00bbPeter Vilfan\u00ab. 1995. leta se ko\u0161arkarska \u0161ola preseli v Ljubljano, kjer Ale\u0161 Fabjan nadaljuje s trenerskim delom, v sezoni 1995\/96 pa igra ko\u0161arko v \u0160kofji Loki pri KK Loka kava. Igralsko pot je zaklju\u010dil leta 1999 v doma\u010dih Ru\u0161ah. 1996. postane strokovni vodja ko\u0161arkarske \u0161ole v Ljubljani in leta 1997 strokovni vodja poletnega tabora ko\u0161arkarske \u0161ole. Je diplomirani trener ko\u0161arke in \u017eivi z \u017eeno Vesno, sinom Jakom in s h\u010derko Leni v Kamniku.<\/p>\n\n<div class=\"wpcf7 no-js\" id=\"wpcf7-f101-o1\" lang=\"sl-SI\" dir=\"ltr\" data-wpcf7-id=\"101\">\n<div class=\"screen-reader-response\"><p role=\"status\" aria-live=\"polite\" aria-atomic=\"true\"><\/p> <ul><\/ul><\/div>\n<form action=\"\/index.php?rest_route=%2Fwp%2Fv2%2Fpages%2F1784#wpcf7-f101-o1\" method=\"post\" class=\"wpcf7-form init\" aria-label=\"Contact form\" novalidate=\"novalidate\" data-status=\"init\">\n<fieldset class=\"hidden-fields-container\"><input type=\"hidden\" name=\"_wpcf7\" value=\"101\" \/><input type=\"hidden\" name=\"_wpcf7_version\" value=\"6.1.4\" \/><input type=\"hidden\" name=\"_wpcf7_locale\" value=\"sl_SI\" \/><input type=\"hidden\" name=\"_wpcf7_unit_tag\" value=\"wpcf7-f101-o1\" \/><input type=\"hidden\" name=\"_wpcf7_container_post\" value=\"0\" \/><input type=\"hidden\" name=\"_wpcf7_posted_data_hash\" value=\"\" \/>\n<\/fieldset>\n<p><b>\u010ce \u017eelite nam lahko po\u0161ljete sporo\u010dilo, tako da izpolnite spodnji obrazec.<\/b>\n<\/p>\n<p><label> Va\u0161e ime (obvezno)<br \/>\n<span class=\"wpcf7-form-control-wrap\" data-name=\"your-name\"><input size=\"40\" maxlength=\"400\" class=\"wpcf7-form-control wpcf7-text wpcf7-validates-as-required\" aria-required=\"true\" aria-invalid=\"false\" value=\"\" type=\"text\" name=\"your-name\" \/><\/span> <\/label>\n<\/p>\n<p><label> Va\u0161 e-mail (obvezno)<br \/>\n<span class=\"wpcf7-form-control-wrap\" data-name=\"your-email\"><input size=\"40\" maxlength=\"400\" class=\"wpcf7-form-control wpcf7-email wpcf7-validates-as-required wpcf7-text wpcf7-validates-as-email\" aria-required=\"true\" aria-invalid=\"false\" value=\"\" type=\"email\" name=\"your-email\" \/><\/span> <\/label>\n<\/p>\n<p><label> Zadeva<br \/>\n<span class=\"wpcf7-form-control-wrap\" data-name=\"your-subject\"><input size=\"40\" maxlength=\"400\" class=\"wpcf7-form-control wpcf7-text\" aria-invalid=\"false\" value=\"\" type=\"text\" name=\"your-subject\" \/><\/span> <\/label>\n<\/p>\n<p><label> Sporo\u010dilo<br \/>\n<span class=\"wpcf7-form-control-wrap\" data-name=\"your-message\"><textarea cols=\"40\" rows=\"10\" maxlength=\"2000\" class=\"wpcf7-form-control wpcf7-textarea\" aria-invalid=\"false\" name=\"your-message\"><\/textarea><\/span> <\/label>\n<\/p>\n<p>[recaptcha]\n<\/p>\n<p><input class=\"wpcf7-form-control wpcf7-submit has-spinner\" type=\"submit\" value=\"Po\u0161lji sporo\u010dilo\" \/>\n<\/p><div class=\"wpcf7-response-output\" aria-hidden=\"true\"><\/div>\n<\/form>\n<\/div>\n\n","protected":false},"excerpt":{"rendered":"<p>Ale\u0161 Fabjan Tel: 031 877 258; 01 430 20 12 Faks: 01 430 30 12 Informacija: Ale\u0161 Fabjan, rojen 1970. v Mariboru, se je s ko\u0161arko sre\u010dal leta 1981 na prvem festivalu mini ko\u0161arke v Slivnici, kjer je nastopal v ekipi iz Ru\u0161. Od takrat je ko\u0161arko redno treniral v ko\u0161arkarskem klubu Ru\u0161e do zaklju\u010dka [&hellip;]<\/p>\n","protected":false},"author":1,"featured_media":0,"parent":0,"menu_order":0,"comment_status":"closed","ping_status":"closed","template":"","meta":{"_themeisle_gutenberg_block_has_review":false,"footnotes":""},"class_list":["post-1784","page","type-page","status-publish","hentry"],"_links":{"self":[{"href":"https:\/\/www.petervilfan.com\/index.php?rest_route=\/wp\/v2\/pages\/1784","targetHints":{"allow":["GET"]}}],"collection":[{"href":"https:\/\/www.petervilfan.com\/index.php?rest_route=\/wp\/v2\/pages"}],"about":[{"href":"https:\/\/www.petervilfan.com\/index.php?rest_route=\/wp\/v2\/types\/page"}],"author":[{"embeddable":true,"href":"https:\/\/www.petervilfan.com\/index.php?rest_route=\/wp\/v2\/users\/1"}],"replies":[{"embeddable":true,"href":"https:\/\/www.petervilfan.com\/index.php?rest_route=%2Fwp%2Fv2%2Fcomments&post=1784"}],"version-history":[{"count":3,"href":"https:\/\/www.petervilfan.com\/index.php?rest_route=\/wp\/v2\/pages\/1784\/revisions"}],"predecessor-version":[{"id":1790,"href":"https:\/\/www.petervilfan.com\/index.php?rest_route=\/wp\/v2\/pages\/1784\/revisions\/1790"}],"wp:attachment":[{"href":"https:\/\/www.petervilfan.com\/index.php?rest_route=%2Fwp%2Fv2%2Fmedia&parent=1784"}],"curies":[{"name":"wp","href":"https:\/\/api.w.org\/{rel}","templated":true}]}}