{"id":149,"date":"2016-12-30T10:41:53","date_gmt":"2016-12-30T10:41:53","guid":{"rendered":"http:\/\/www.petervilfan.com\/?page_id=149"},"modified":"2025-12-12T09:57:24","modified_gmt":"2025-12-12T09:57:24","slug":"mesecni-popusti","status":"publish","type":"page","link":"https:\/\/www.petervilfan.com\/?page_id=149","title":{"rendered":"Mese\u010dni popusti"},"content":{"rendered":"<p style=\"text-align: left;\">Cena poletnega tabora 2026 je 500\u20ac.<\/p>\n<p><strong>MESE\u010cNI POPUSTI<\/strong><\/p>\n<p><span style=\"color: #ffbb31;\"><strong>DRU\u017dINSKI POPUST (30\u20ac) <\/strong>\u2013 cena za vsakega naslednjega 470\u20ac<\/span><\/p>\n<p><span style=\"color: #ffbb31;\">Drugi prijavljeni, ki je v sorodstveni vezi s prvo prijavljenim (brat, bratranec, sestra, sestri\u010dna), ima pri pla\u010dilu 30\u20ac popusta.<\/span><\/p>\n<p><span style=\"color: #ffbb31;\">Popust ni zdru\u017eljiv z mese\u010dnimi popusti in velja\u00a0 za drugo prijavljenega.<\/span><\/p>\n<p><span style=\"color: #ffbb31;\">Popust velja pri obro\u010dnem odpla\u010devanju.<\/span><\/p>\n<p><span style=\"color: #ace570;\"><strong>OBRO\u010cNO ODPLA\u010cEVANJE<\/strong><\/span><\/p>\n<p><span style=\"color: #ace570;\">Omogo\u010deno je obro\u010dno odpla\u010devanje, tako da je ob prijavi potrebno prilo\u017eiti potrdilo o pla\u010dilu prvega obroka, ki zna\u0161a 150\u20ac. Ostanek si razdelite po \u017eelji, celoten znesek pa mora biti poravnan do odhoda.<\/span><\/p>\n<p><span style=\"color: #ace570;\">Obro\u010dno odpla\u010devanje ni zdru\u017eljivo z mese\u010dnimi popusti , razen z dru\u017einskim popustom.<\/span><\/p>\n","protected":false},"excerpt":{"rendered":"<p>Cena poletnega tabora 2026 je 500\u20ac. MESE\u010cNI POPUSTI DRU\u017dINSKI POPUST (30\u20ac) \u2013 cena za vsakega naslednjega 470\u20ac Drugi prijavljeni, ki je v sorodstveni vezi s prvo prijavljenim (brat, bratranec, sestra, sestri\u010dna), ima pri pla\u010dilu 30\u20ac popusta. Popust ni zdru\u017eljiv z mese\u010dnimi popusti in velja\u00a0 za drugo prijavljenega. Popust velja pri obro\u010dnem odpla\u010devanju. OBRO\u010cNO ODPLA\u010cEVANJE Omogo\u010deno [&hellip;]<\/p>\n","protected":false},"author":1,"featured_media":0,"parent":0,"menu_order":0,"comment_status":"closed","ping_status":"closed","template":"","meta":{"_themeisle_gutenberg_block_has_review":false,"footnotes":""},"class_list":["post-149","page","type-page","status-publish","hentry"],"_links":{"self":[{"href":"https:\/\/www.petervilfan.com\/index.php?rest_route=\/wp\/v2\/pages\/149","targetHints":{"allow":["GET"]}}],"collection":[{"href":"https:\/\/www.petervilfan.com\/index.php?rest_route=\/wp\/v2\/pages"}],"about":[{"href":"https:\/\/www.petervilfan.com\/index.php?rest_route=\/wp\/v2\/types\/page"}],"author":[{"embeddable":true,"href":"https:\/\/www.petervilfan.com\/index.php?rest_route=\/wp\/v2\/users\/1"}],"replies":[{"embeddable":true,"href":"https:\/\/www.petervilfan.com\/index.php?rest_route=%2Fwp%2Fv2%2Fcomments&post=149"}],"version-history":[{"count":14,"href":"https:\/\/www.petervilfan.com\/index.php?rest_route=\/wp\/v2\/pages\/149\/revisions"}],"predecessor-version":[{"id":3860,"href":"https:\/\/www.petervilfan.com\/index.php?rest_route=\/wp\/v2\/pages\/149\/revisions\/3860"}],"wp:attachment":[{"href":"https:\/\/www.petervilfan.com\/index.php?rest_route=%2Fwp%2Fv2%2Fmedia&parent=149"}],"curies":[{"name":"wp","href":"https:\/\/api.w.org\/{rel}","templated":true}]}}